{"id":3253,"date":"2022-06-03T15:59:10","date_gmt":"2022-06-03T12:59:10","guid":{"rendered":"https:\/\/lumasky.show\/?page_id=3253"},"modified":"2026-02-24T12:28:04","modified_gmt":"2026-02-24T09:28:04","slug":"main-page","status":"publish","type":"page","link":"https:\/\/lumasky.show\/es\/","title":{"rendered":"Main page"},"content":{"rendered":"","protected":false},"excerpt":{"rendered":"","protected":false},"author":2,"featured_media":0,"parent":0,"menu_order":0,"comment_status":"closed","ping_status":"closed","template":"front-page.php","meta":{"inline_featured_image":false,"footnotes":""},"class_list":["post-3253","page","type-page","status-publish","hentry"],"acf":[],"yoast_head":"<!-- This site is optimized with the Yoast SEO plugin v27.3 - https:\/\/yoast.com\/product\/yoast-seo-wordpress\/ -->\n<title>Espect\u00e1culos de luces con drones de la compa\u00f1\u00eda Lumasky<\/title>\n<meta name=\"description\" content=\"Espect\u00e1culos de luces con drones de un equipo de profesionales. M\u00e1s de 150 proyectos realizados. Preparaci\u00f3n de 4 semanas. El mejor precio en el mercado. Obt\u00e9n tu cotizaci\u00f3n ahora. Espect\u00e1culos de luces con drones de la compa\u00f1\u00eda Lumasky.\" \/>\n<meta name=\"robots\" content=\"index, follow, max-snippet:-1, max-image-preview:large, max-video-preview:-1\" \/>\n<link rel=\"canonical\" href=\"https:\/\/lumasky.show\/es\/\" \/>\n<meta property=\"og:locale\" content=\"en_US\" \/>\n<meta property=\"og:type\" content=\"article\" \/>\n<meta property=\"og:title\" content=\"Espect\u00e1culos de luces con drones de la compa\u00f1\u00eda Lumasky\" \/>\n<meta property=\"og:description\" content=\"Espect\u00e1culos de luces con drones de un equipo de profesionales. M\u00e1s de 150 proyectos realizados. Preparaci\u00f3n de 4 semanas. El mejor precio en el mercado. Obt\u00e9n tu cotizaci\u00f3n ahora. Espect\u00e1culos de luces con drones de la compa\u00f1\u00eda Lumasky.\" \/>\n<meta property=\"og:url\" content=\"https:\/\/lumasky.show\/es\/\" \/>\n<meta property=\"og:site_name\" content=\"Lumasky Drone Show\" \/>\n<meta property=\"article:modified_time\" content=\"2026-02-24T09:28:04+00:00\" \/>\n<meta name=\"twitter:card\" content=\"summary_large_image\" \/>\n<script type=\"application\/ld+json\" class=\"yoast-schema-graph\">{\"@context\":\"https:\\\/\\\/schema.org\",\"@graph\":[{\"@type\":\"WebPage\",\"@id\":\"https:\\\/\\\/lumasky.show\\\/es\\\/\",\"url\":\"https:\\\/\\\/lumasky.show\\\/es\\\/\",\"name\":\"Espect\u00e1culos de luces con drones de la compa\u00f1\u00eda Lumasky\",\"isPartOf\":{\"@id\":\"https:\\\/\\\/lumasky.show\\\/es\\\/#website\"},\"datePublished\":\"2022-06-03T12:59:10+00:00\",\"dateModified\":\"2026-02-24T09:28:04+00:00\",\"description\":\"Espect\u00e1culos de luces con drones de un equipo de profesionales. M\u00e1s de 150 proyectos realizados. Preparaci\u00f3n de 4 semanas. El mejor precio en el mercado. Obt\u00e9n tu cotizaci\u00f3n ahora. Espect\u00e1culos de luces con drones de la compa\u00f1\u00eda Lumasky.\",\"breadcrumb\":{\"@id\":\"https:\\\/\\\/lumasky.show\\\/es\\\/#breadcrumb\"},\"inLanguage\":\"es\",\"potentialAction\":[{\"@type\":\"ReadAction\",\"target\":[\"https:\\\/\\\/lumasky.show\\\/es\\\/\"]}]},{\"@type\":\"BreadcrumbList\",\"@id\":\"https:\\\/\\\/lumasky.show\\\/es\\\/#breadcrumb\",\"itemListElement\":[{\"@type\":\"ListItem\",\"position\":1,\"name\":\"Main\",\"item\":\"https:\\\/\\\/lumasky.show\\\/es\\\/\"},{\"@type\":\"ListItem\",\"position\":2,\"name\":\"Main page\"}]},{\"@type\":\"WebSite\",\"@id\":\"https:\\\/\\\/lumasky.show\\\/es\\\/#website\",\"url\":\"https:\\\/\\\/lumasky.show\\\/es\\\/\",\"name\":\"Lumasky Drone Show\",\"description\":\"Drone Light Shows in Dubai, KSA and worldwide\",\"publisher\":{\"@id\":\"https:\\\/\\\/lumasky.show\\\/es\\\/#organization\"},\"potentialAction\":[{\"@type\":\"SearchAction\",\"target\":{\"@type\":\"EntryPoint\",\"urlTemplate\":\"https:\\\/\\\/lumasky.show\\\/es\\\/?s={search_term_string}\"},\"query-input\":{\"@type\":\"PropertyValueSpecification\",\"valueRequired\":true,\"valueName\":\"search_term_string\"}}],\"inLanguage\":\"es\"},{\"@type\":\"Organization\",\"@id\":\"https:\\\/\\\/lumasky.show\\\/es\\\/#organization\",\"name\":\"Lumasky Drone Show\",\"url\":\"https:\\\/\\\/lumasky.show\\\/es\\\/\",\"logo\":{\"@type\":\"ImageObject\",\"inLanguage\":\"es\",\"@id\":\"https:\\\/\\\/lumasky.show\\\/es\\\/#\\\/schema\\\/logo\\\/image\\\/\",\"url\":\"https:\\\/\\\/lumasky.show\\\/wp-content\\\/uploads\\\/2023\\\/05\\\/logo.jpg\",\"contentUrl\":\"https:\\\/\\\/lumasky.show\\\/wp-content\\\/uploads\\\/2023\\\/05\\\/logo.jpg\",\"width\":834,\"height\":563,\"caption\":\"Lumasky Drone Show\"},\"image\":{\"@id\":\"https:\\\/\\\/lumasky.show\\\/es\\\/#\\\/schema\\\/logo\\\/image\\\/\"}}]}<\/script>\n<!-- \/ Yoast SEO plugin. -->","yoast_head_json":{"title":"Espect\u00e1culos de luces con drones de la compa\u00f1\u00eda Lumasky","description":"Espect\u00e1culos de luces con drones de un equipo de profesionales. M\u00e1s de 150 proyectos realizados. Preparaci\u00f3n de 4 semanas. El mejor precio en el mercado. Obt\u00e9n tu cotizaci\u00f3n ahora. Espect\u00e1culos de luces con drones de la compa\u00f1\u00eda Lumasky.","robots":{"index":"index","follow":"follow","max-snippet":"max-snippet:-1","max-image-preview":"max-image-preview:large","max-video-preview":"max-video-preview:-1"},"canonical":"https:\/\/lumasky.show\/es\/","og_locale":"en_US","og_type":"article","og_title":"Espect\u00e1culos de luces con drones de la compa\u00f1\u00eda Lumasky","og_description":"Espect\u00e1culos de luces con drones de un equipo de profesionales. M\u00e1s de 150 proyectos realizados. Preparaci\u00f3n de 4 semanas. El mejor precio en el mercado. Obt\u00e9n tu cotizaci\u00f3n ahora. Espect\u00e1culos de luces con drones de la compa\u00f1\u00eda Lumasky.","og_url":"https:\/\/lumasky.show\/es\/","og_site_name":"Lumasky Drone Show","article_modified_time":"2026-02-24T09:28:04+00:00","twitter_card":"summary_large_image","schema":{"@context":"https:\/\/schema.org","@graph":[{"@type":"WebPage","@id":"https:\/\/lumasky.show\/es\/","url":"https:\/\/lumasky.show\/es\/","name":"Espect\u00e1culos de luces con drones de la compa\u00f1\u00eda Lumasky","isPartOf":{"@id":"https:\/\/lumasky.show\/es\/#website"},"datePublished":"2022-06-03T12:59:10+00:00","dateModified":"2026-02-24T09:28:04+00:00","description":"Espect\u00e1culos de luces con drones de un equipo de profesionales. M\u00e1s de 150 proyectos realizados. Preparaci\u00f3n de 4 semanas. El mejor precio en el mercado. Obt\u00e9n tu cotizaci\u00f3n ahora. Espect\u00e1culos de luces con drones de la compa\u00f1\u00eda Lumasky.","breadcrumb":{"@id":"https:\/\/lumasky.show\/es\/#breadcrumb"},"inLanguage":"es","potentialAction":[{"@type":"ReadAction","target":["https:\/\/lumasky.show\/es\/"]}]},{"@type":"BreadcrumbList","@id":"https:\/\/lumasky.show\/es\/#breadcrumb","itemListElement":[{"@type":"ListItem","position":1,"name":"Main","item":"https:\/\/lumasky.show\/es\/"},{"@type":"ListItem","position":2,"name":"Main page"}]},{"@type":"WebSite","@id":"https:\/\/lumasky.show\/es\/#website","url":"https:\/\/lumasky.show\/es\/","name":"Lumasky Drone Show","description":"Drone Light Shows in Dubai, KSA and worldwide","publisher":{"@id":"https:\/\/lumasky.show\/es\/#organization"},"potentialAction":[{"@type":"SearchAction","target":{"@type":"EntryPoint","urlTemplate":"https:\/\/lumasky.show\/es\/?s={search_term_string}"},"query-input":{"@type":"PropertyValueSpecification","valueRequired":true,"valueName":"search_term_string"}}],"inLanguage":"es"},{"@type":"Organization","@id":"https:\/\/lumasky.show\/es\/#organization","name":"Lumasky Drone Show","url":"https:\/\/lumasky.show\/es\/","logo":{"@type":"ImageObject","inLanguage":"es","@id":"https:\/\/lumasky.show\/es\/#\/schema\/logo\/image\/","url":"https:\/\/lumasky.show\/wp-content\/uploads\/2023\/05\/logo.jpg","contentUrl":"https:\/\/lumasky.show\/wp-content\/uploads\/2023\/05\/logo.jpg","width":834,"height":563,"caption":"Lumasky Drone Show"},"image":{"@id":"https:\/\/lumasky.show\/es\/#\/schema\/logo\/image\/"}}]}},"_links":{"self":[{"href":"https:\/\/lumasky.show\/es\/wp-json\/wp\/v2\/pages\/3253","targetHints":{"allow":["GET"]}}],"collection":[{"href":"https:\/\/lumasky.show\/es\/wp-json\/wp\/v2\/pages"}],"about":[{"href":"https:\/\/lumasky.show\/es\/wp-json\/wp\/v2\/types\/page"}],"author":[{"embeddable":true,"href":"https:\/\/lumasky.show\/es\/wp-json\/wp\/v2\/users\/2"}],"replies":[{"embeddable":true,"href":"https:\/\/lumasky.show\/es\/wp-json\/wp\/v2\/comments?post=3253"}],"version-history":[{"count":40,"href":"https:\/\/lumasky.show\/es\/wp-json\/wp\/v2\/pages\/3253\/revisions"}],"predecessor-version":[{"id":23126,"href":"https:\/\/lumasky.show\/es\/wp-json\/wp\/v2\/pages\/3253\/revisions\/23126"}],"wp:attachment":[{"href":"https:\/\/lumasky.show\/es\/wp-json\/wp\/v2\/media?parent=3253"}],"curies":[{"name":"wp","href":"https:\/\/api.w.org\/{rel}","templated":true}]}}